{"id":14,"date":"2025-12-09T19:35:37","date_gmt":"2025-12-09T18:35:37","guid":{"rendered":"https:\/\/www.atraktivnislavkov.cz\/?page_id=14"},"modified":"2026-03-03T10:26:57","modified_gmt":"2026-03-03T09:26:57","slug":"atraktivni-slavkov-u-brna-uvod","status":"publish","type":"page","link":"https:\/\/www.atraktivnislavkov.cz\/","title":{"rendered":"Atraktivn\u00ed Slavkov u Brna | \u00davod"},"content":{"rendered":"\t\t<div data-elementor-type=\"wp-page\" data-elementor-id=\"14\" class=\"elementor elementor-14\" data-elementor-post-type=\"page\">\n\t\t\t\t<div class=\"elementor-element elementor-element-609a52d7 e-flex e-con-boxed e-con e-parent\" data-id=\"609a52d7\" data-element_type=\"container\" data-e-type=\"container\" data-settings=\"{&quot;background_background&quot;:&quot;classic&quot;}\">\n\t\t\t\t\t<div class=\"e-con-inner\">\n\t\t\t\t<div class=\"elementor-element elementor-element-63def426 elementor-widget__width-inherit elementor-widget elementor-widget-heading\" data-id=\"63def426\" data-element_type=\"widget\" data-e-type=\"widget\" data-widget_type=\"heading.default\">\n\t\t\t\t\t<h1 class=\"elementor-heading-title elementor-size-default\">Vytv\u00e1\u0159ejme atraktivn\u00ed m\u00edsto k&nbsp;\u017eivotu, podnik\u00e1n\u00ed i v\u00fdlet\u016fm<\/h1>\t\t\t\t<\/div>\n\t\t\t\t<div class=\"elementor-element elementor-element-4dbd30a elementor--h-position-center elementor--v-position-middle elementor-arrows-position-inside elementor-pagination-position-inside elementor-widget elementor-widget-slides\" data-id=\"4dbd30a\" data-element_type=\"widget\" data-e-type=\"widget\" id=\"uvodni-slider\" data-settings=\"{&quot;navigation&quot;:&quot;both&quot;,&quot;autoplay&quot;:&quot;yes&quot;,&quot;pause_on_hover&quot;:&quot;yes&quot;,&quot;pause_on_interaction&quot;:&quot;yes&quot;,&quot;autoplay_speed&quot;:5000,&quot;infinite&quot;:&quot;yes&quot;,&quot;transition&quot;:&quot;slide&quot;,&quot;transition_speed&quot;:500}\" data-widget_type=\"slides.default\">\n\t\t\t\t\t\t\t\t\t\t<div class=\"elementor-slides-wrapper elementor-main-swiper swiper\" role=\"region\" aria-roledescription=\"carousel\" aria-label=\"Atraktivn\u00ed Slavkov\" dir=\"ltr\" data-animation=\"\">\n\t\t\t\t<div class=\"swiper-wrapper elementor-slides\">\n\t\t\t\t\t\t\t\t\t\t<div class=\"elementor-repeater-item-6914034 swiper-slide\" role=\"group\" aria-roledescription=\"slide\"><div class=\"swiper-slide-bg elementor-ken-burns elementor-ken-burns--in\" role=\"img\" aria-label=\"atraktivnislavkov-DJI_20251025093145_0104_D-1500x1000\"><\/div><div class=\"swiper-slide-inner\" ><div class=\"swiper-slide-contents\"><\/div><\/div><\/div><div class=\"elementor-repeater-item-7db77d3 swiper-slide\" role=\"group\" aria-roledescription=\"slide\"><div class=\"swiper-slide-bg elementor-ken-burns elementor-ken-burns--in\" role=\"img\" aria-label=\"atraktivnislavkov-DJI_20251025095030_0141_D-1500x1000\"><\/div><div class=\"swiper-slide-inner\" ><div class=\"swiper-slide-contents\"><\/div><\/div><\/div><div class=\"elementor-repeater-item-969b5a0 swiper-slide\" role=\"group\" aria-roledescription=\"slide\"><div class=\"swiper-slide-bg elementor-ken-burns elementor-ken-burns--in\" role=\"img\" aria-label=\"atraktivnislavkov-DJI_20251025121207\"><\/div><div class=\"swiper-slide-inner\" ><div class=\"swiper-slide-contents\"><\/div><\/div><\/div><div class=\"elementor-repeater-item-39a9a54 swiper-slide\" role=\"group\" aria-roledescription=\"slide\"><div class=\"swiper-slide-bg elementor-ken-burns elementor-ken-burns--in\" role=\"img\" aria-label=\"atraktivnislavkov-IMG_1463\"><\/div><div class=\"swiper-slide-inner\" ><div class=\"swiper-slide-contents\"><\/div><\/div><\/div>\t\t\t\t<\/div>\n\t\t\t\t\t\t\t\t\t\t\t\t\t\t\t<div class=\"elementor-swiper-button elementor-swiper-button-prev\" role=\"button\" tabindex=\"0\" aria-label=\"Previous slide\">\n\t\t\t\t\t\t\t<svg aria-hidden=\"true\" class=\"e-font-icon-svg e-eicon-chevron-left\" viewBox=\"0 0 1000 1000\" xmlns=\"http:\/\/www.w3.org\/2000\/svg\"><path d=\"M646 125C629 125 613 133 604 142L308 442C296 454 292 471 292 487 292 504 296 521 308 533L604 854C617 867 629 875 646 875 663 875 679 871 692 858 704 846 713 829 713 812 713 796 708 779 692 767L438 487 692 225C700 217 708 204 708 187 708 171 704 154 692 142 675 129 663 125 646 125Z\"><\/path><\/svg>\t\t\t\t\t\t<\/div>\n\t\t\t\t\t\t<div class=\"elementor-swiper-button elementor-swiper-button-next\" role=\"button\" tabindex=\"0\" aria-label=\"Next slide\">\n\t\t\t\t\t\t\t<svg aria-hidden=\"true\" class=\"e-font-icon-svg e-eicon-chevron-right\" viewBox=\"0 0 1000 1000\" xmlns=\"http:\/\/www.w3.org\/2000\/svg\"><path d=\"M696 533C708 521 713 504 713 487 713 471 708 454 696 446L400 146C388 133 375 125 354 125 338 125 325 129 313 142 300 154 292 171 292 187 292 204 296 221 308 233L563 492 304 771C292 783 288 800 288 817 288 833 296 850 308 863 321 871 338 875 354 875 371 875 388 867 400 854L696 533Z\"><\/path><\/svg>\t\t\t\t\t\t<\/div>\n\t\t\t\t\t\t\t\t\t\t\t\t\t\t\t\t<div class=\"swiper-pagination\"><\/div>\n\t\t\t\t\t\t\t\t\t\t\t\t<\/div>\n\t\t\t\t\t\t\t\t<\/div>\n\t\t\t\t\t<\/div>\n\t\t\t\t<\/div>\n\t\t<div class=\"elementor-element elementor-element-4bf603ff e-flex e-con-boxed e-con e-parent\" data-id=\"4bf603ff\" data-element_type=\"container\" data-e-type=\"container\">\n\t\t\t\t\t<div class=\"e-con-inner\">\n\t\t\t\t<div class=\"elementor-element elementor-element-5cc90ba9 elementor-widget__width-initial elementor-widget-tablet__width-inherit elementor-widget-mobile__width-initial elementor-widget elementor-widget-heading\" data-id=\"5cc90ba9\" data-element_type=\"widget\" data-e-type=\"widget\" data-widget_type=\"heading.default\">\n\t\t\t\t\t<h2 class=\"elementor-heading-title elementor-size-default\">Principy podporuj\u00edc\u00ed funguj\u00edc\u00ed reklamu a propagaci<\/h2>\t\t\t\t<\/div>\n\t\t<div class=\"elementor-element elementor-element-5c19145d e-con-full e-flex e-con e-child\" data-id=\"5c19145d\" data-element_type=\"container\" data-e-type=\"container\">\n\t\t\t\t<div class=\"elementor-element elementor-element-6610bffa elementor-widget-mobile__width-inherit elementor-widget__width-initial elementor-widget elementor-widget-icon-box\" data-id=\"6610bffa\" data-element_type=\"widget\" data-e-type=\"widget\" data-widget_type=\"icon-box.default\">\n\t\t\t\t\t\t\t<div class=\"elementor-icon-box-wrapper\">\n\n\t\t\t\n\t\t\t\t\t\t<div class=\"elementor-icon-box-content\">\n\n\t\t\t\t\t\t\t\t\t<h3 class=\"elementor-icon-box-title\">\n\t\t\t\t\t\t<span  >\n\t\t\t\t\t\t\tM\u00e9n\u011b je v\u00edce. I v reklam\u011b.\t\t\t\t\t\t<\/span>\n\t\t\t\t\t<\/h3>\n\t\t\t\t\n\t\t\t\t\t\t\t\t\t<p class=\"elementor-icon-box-description\">\n\t\t\t\t\t\t\u010c\u00edm v\u00edce reklamy se na n\u00e1s val\u00ed, t\u00edm v\u00edce ji p\u0159est\u00e1v\u00e1me vn\u00edmat. Nechcete zapadnout v mo\u0159i pr\u016fm\u011bru? Soust\u0159e\u010fte se jen na to, co je pro va\u0161e z\u00e1kazn\u00edky skute\u010dn\u011b podstatn\u00e9.\t\t\t\t\t<\/p>\n\t\t\t\t\n\t\t\t<\/div>\n\t\t\t\n\t\t<\/div>\n\t\t\t\t\t\t<\/div>\n\t\t\t\t<div class=\"elementor-element elementor-element-3257924a elementor-widget-mobile__width-inherit elementor-widget__width-initial elementor-widget elementor-widget-icon-box\" data-id=\"3257924a\" data-element_type=\"widget\" data-e-type=\"widget\" data-widget_type=\"icon-box.default\">\n\t\t\t\t\t\t\t<div class=\"elementor-icon-box-wrapper\">\n\n\t\t\t\n\t\t\t\t\t\t<div class=\"elementor-icon-box-content\">\n\n\t\t\t\t\t\t\t\t\t<h3 class=\"elementor-icon-box-title\">\n\t\t\t\t\t\t<span  >\n\t\t\t\t\t\t\tBez k\u0159iklav\u00fdch barev a blik\u00e1n\u00ed\u200b\u200b\t\t\t\t\t\t<\/span>\n\t\t\t\t\t<\/h3>\n\t\t\t\t\n\t\t\t\t\t\t\t\t\t<p class=\"elementor-icon-box-description\">\n\t\t\t\t\t\tUdr\u017eujte barevnou harmonii a nesna\u017ete se z\u00e1kazn\u00edky p\u0159ek\u0159ikovat \u2013 texty ani reklamou. Vytvo\u0159te prost\u0159ed\u00ed, kter\u00e9 nab\u00edz\u00ed p\u0159\u00edjemn\u00fd z\u00e1\u017eitek a atraktivn\u00ed m\u00edsto, k n\u011bmu\u017e se lid\u00e9 r\u00e1di hl\u00e1s\u00ed.\t\t\t\t\t<\/p>\n\t\t\t\t\n\t\t\t<\/div>\n\t\t\t\n\t\t<\/div>\n\t\t\t\t\t\t<\/div>\n\t\t\t\t<div class=\"elementor-element elementor-element-6378143c elementor-widget-mobile__width-inherit elementor-widget__width-initial elementor-widget elementor-widget-icon-box\" data-id=\"6378143c\" data-element_type=\"widget\" data-e-type=\"widget\" data-widget_type=\"icon-box.default\">\n\t\t\t\t\t\t\t<div class=\"elementor-icon-box-wrapper\">\n\n\t\t\t\n\t\t\t\t\t\t<div class=\"elementor-icon-box-content\">\n\n\t\t\t\t\t\t\t\t\t<h3 class=\"elementor-icon-box-title\">\n\t\t\t\t\t\t<span  >\n\t\t\t\t\t\t\tPohled z ulice a\u017e do interi\u00e9ru je va\u0161e v\u00fdhoda\t\t\t\t\t\t<\/span>\n\t\t\t\t\t<\/h3>\n\t\t\t\t\n\t\t\t\t\t\t\t\t\t<p class=\"elementor-icon-box-description\">\n\t\t\t\t\t\tVyhn\u011bte se vizu\u00e1ln\u00edm bari\u00e9r\u00e1m a dop\u0159ejte kolemjdouc\u00edm mo\u017enost nahl\u00e9dnout do d\u011bn\u00ed uvnit\u0159 \u2013 probud\u00edte jejich zv\u011bdavost a p\u0159irozen\u011b je p\u0159im\u011bjete cht\u00edt vid\u011bt v\u00edc.\t\t\t\t\t<\/p>\n\t\t\t\t\n\t\t\t<\/div>\n\t\t\t\n\t\t<\/div>\n\t\t\t\t\t\t<\/div>\n\t\t\t\t<\/div>\n\t\t\t\t<div class=\"elementor-element elementor-element-ad61b7c elementor-mobile-align-left elementor-widget elementor-widget-button\" data-id=\"ad61b7c\" data-element_type=\"widget\" data-e-type=\"widget\" data-widget_type=\"button.default\">\n\t\t\t\t\t\t\t\t\t\t<a class=\"elementor-button elementor-button-link elementor-size-sm\" href=\"https:\/\/www.atraktivnislavkov.cz\/?page_id=30\">\n\t\t\t\t\t\t<span class=\"elementor-button-content-wrapper\">\n\t\t\t\t\t\t\t\t\t<span class=\"elementor-button-text\">Dal\u0161\u00ed kl\u00ed\u010dov\u00e9 principy<\/span>\n\t\t\t\t\t<\/span>\n\t\t\t\t\t<\/a>\n\t\t\t\t\t\t\t\t<\/div>\n\t\t\t\t\t<\/div>\n\t\t\t\t<\/div>\n\t\t<div class=\"elementor-element elementor-element-6d1063d6 e-flex e-con-boxed e-con e-parent\" data-id=\"6d1063d6\" data-element_type=\"container\" data-e-type=\"container\" data-settings=\"{&quot;background_background&quot;:&quot;classic&quot;}\">\n\t\t\t\t\t<div class=\"e-con-inner\">\n\t\t\t\t<div class=\"elementor-element elementor-element-1968185b elementor-widget-mobile__width-initial elementor-widget elementor-widget-heading\" data-id=\"1968185b\" data-element_type=\"widget\" data-e-type=\"widget\" data-widget_type=\"heading.default\">\n\t\t\t\t\t<h2 class=\"elementor-heading-title elementor-size-default\"><a href=\"https:\/\/www.atraktivnislavkov.cz\/?page_id=32\">Inspirace a pozitivn\u00ed p\u0159\u00edklady ze Slavkova<\/a><\/h2>\t\t\t\t<\/div>\n\t\t<div class=\"elementor-element elementor-element-ad99baf e-con-full e-flex e-con e-child\" data-id=\"ad99baf\" data-element_type=\"container\" data-e-type=\"container\">\n\t\t\t\t<div class=\"elementor-element elementor-element-6a99e68 elementor-widget__width-initial elementor-position-top elementor-widget elementor-widget-image-box\" data-id=\"6a99e68\" data-element_type=\"widget\" data-e-type=\"widget\" data-widget_type=\"image-box.default\">\n\t\t\t\t\t<div class=\"elementor-image-box-wrapper\"><figure class=\"elementor-image-box-img\"><img decoding=\"async\" src=\"https:\/\/www.atraktivnislavkov.cz\/wp-content\/uploads\/elementor\/thumbs\/atraktivni-slavkov-u-brna-estetika-verejny-prostor004efe12-70aa-4380-882c-b0d3652935aa-5-rfzxenfcfi9y1if1d2ngjb0ex6gliarl4bbusz9n7c.jpg\" title=\"atraktivni-slavkov-u-brna-estetika-verejny-prostor004efe12-70aa-4380-882c-b0d3652935aa 5\" alt=\"atraktivni-slavkov-u-brna-estetika-verejny-prostor004efe12-70aa-4380-882c-b0d3652935aa 5\" class=\"elementor-animation-wobble-vertical\" loading=\"lazy\" \/><\/figure><div class=\"elementor-image-box-content\"><h3 class=\"elementor-image-box-title\">P\u0159edzahr\u00e1dky<\/h3><p class=\"elementor-image-box-description\">Jednoduchost, \u010dist\u00e9 a st\u0159\u00eddm\u00e9 proveden\u00ed p\u0159edzahr\u00e1dky. Um\u00edst\u011bn\u00ed nevytv\u00e1\u0159\u00ed bari\u00e9ru pro pr\u016fchod. <\/p><\/div><\/div>\t\t\t\t<\/div>\n\t\t\t\t<div class=\"elementor-element elementor-element-df4c96a elementor-widget__width-initial elementor-position-top elementor-widget elementor-widget-image-box\" data-id=\"df4c96a\" data-element_type=\"widget\" data-e-type=\"widget\" data-widget_type=\"image-box.default\">\n\t\t\t\t\t<div class=\"elementor-image-box-wrapper\"><figure class=\"elementor-image-box-img\"><img decoding=\"async\" src=\"https:\/\/www.atraktivnislavkov.cz\/wp-content\/uploads\/elementor\/thumbs\/atraktivni-slavkov-u-brna-estetika-verejny-prostor13429811-cd9a-4d53-bef1-bb397cf26aec-5-rfzxf1ixa0t8vnuk2qqv2pgbtyj3prbk694504oqm0.jpg\" title=\"atraktivni-slavkov-u-brna-estetika-verejny-prostor13429811-cd9a-4d53-bef1-bb397cf26aec 5\" alt=\"atraktivni-slavkov-u-brna-estetika-verejny-prostor13429811-cd9a-4d53-bef1-bb397cf26aec 5\" class=\"elementor-animation-wobble-vertical\" loading=\"lazy\" \/><\/figure><div class=\"elementor-image-box-content\"><h3 class=\"elementor-image-box-title\">V\u00fdlohy a zna\u010den\u00ed<\/h3><p class=\"elementor-image-box-description\">\u010cist\u00e1 v\u00fdloha s pr\u016fhledem do provozovny pln\u00ed svou funkci. Upout\u00e1 pozornost a umo\u017e\u0148uje kontakt s kolemjdouc\u00edmi.<\/p><\/div><\/div>\t\t\t\t<\/div>\n\t\t\t\t<div class=\"elementor-element elementor-element-2f9c6ba elementor-widget__width-initial elementor-position-top elementor-widget elementor-widget-image-box\" data-id=\"2f9c6ba\" data-element_type=\"widget\" data-e-type=\"widget\" data-widget_type=\"image-box.default\">\n\t\t\t\t\t<div class=\"elementor-image-box-wrapper\"><figure class=\"elementor-image-box-img\"><img decoding=\"async\" src=\"https:\/\/www.atraktivnislavkov.cz\/wp-content\/uploads\/elementor\/thumbs\/atraktivni-slavkov-u-brna-estetika-verejny-prostordcaaf79d-0043-43e4-877e-fa2ed34a361c-5-rfzxejnzo64sr2khz10y9bykjmz4nicnrspwvvf7w8.jpg\" title=\"atraktivni-slavkov-u-brna-estetika-verejny-prostordcaaf79d-0043-43e4-877e-fa2ed34a361c 5\" alt=\"atraktivni-slavkov-u-brna-estetika-verejny-prostordcaaf79d-0043-43e4-877e-fa2ed34a361c 5\" class=\"elementor-animation-wobble-vertical\" loading=\"lazy\" \/><\/figure><div class=\"elementor-image-box-content\"><h3 class=\"elementor-image-box-title\">Zna\u010den\u00ed provozoven<\/h3><p class=\"elementor-image-box-description\">Sjednocen\u00e9 zna\u010den\u00ed provozoven um\u00edst\u011bn\u00e9 v parteru nepotla\u010duje architekturu budovy a pom\u00e1h\u00e1 k p\u0159ehlednosti.<\/p><\/div><\/div>\t\t\t\t<\/div>\n\t\t\t\t<\/div>\n\t\t\t\t<div class=\"elementor-element elementor-element-e7c6cd7 elementor-align-center elementor-widget elementor-widget-button\" data-id=\"e7c6cd7\" data-element_type=\"widget\" data-e-type=\"widget\" data-widget_type=\"button.default\">\n\t\t\t\t\t\t\t\t\t\t<a class=\"elementor-button elementor-button-link elementor-size-sm\" href=\"https:\/\/www.atraktivnislavkov.cz\/?page_id=32\">\n\t\t\t\t\t\t<span class=\"elementor-button-content-wrapper\">\n\t\t\t\t\t\t\t\t\t<span class=\"elementor-button-text\">Dal\u0161\u00ed pozitivn\u00ed p\u0159\u00edklady<\/span>\n\t\t\t\t\t<\/span>\n\t\t\t\t\t<\/a>\n\t\t\t\t\t\t\t\t<\/div>\n\t\t\t\t\t<\/div>\n\t\t\t\t<\/div>\n\t\t<div class=\"elementor-element elementor-element-e79fd73 e-con-full e-flex e-con e-parent\" data-id=\"e79fd73\" data-element_type=\"container\" data-e-type=\"container\" data-settings=\"{&quot;background_background&quot;:&quot;classic&quot;}\">\n\t\t\t\t<div class=\"elementor-element elementor-element-486084f elementor-widget elementor-widget-atraktivnislavkov_mapa\" data-id=\"486084f\" data-element_type=\"widget\" data-e-type=\"widget\" data-widget_type=\"atraktivnislavkov_mapa.default\">\n\t\t\t\t<div class=\"elementor-widget-container\">\n\t\t\t\t\t<div id=\"atraktivnislavkov-mapa-486084f\" class=\"atraktivnislavkov-mapa-container\" style=\"--marker-color: #175282; --border-color: #d4c4a8;\" data-markers=\"[{&quot;id&quot;:692,&quot;title&quot;:&quot;Pr\\u00e1ce s parterem, v\\u00fdlohou a celkov\\u00fd koncept&quot;,&quot;lat&quot;:49.152880000000003,&quot;lng&quot;:16.876989999999999,&quot;url&quot;:&quot;https:\\\/\\\/www.atraktivnislavkov.cz\\\/?misto=prace-s-parterem-vylohou-a-celkovy-koncept&quot;,&quot;thumbnail&quot;:&quot;https:\\\/\\\/www.atraktivnislavkov.cz\\\/wp-content\\\/uploads\\\/2025\\\/12\\\/atraktivni-slavkov-u-brna-estetika-verejny-prostord8793f91-4852-4c87-8111-368898f20ed8-5-300x225.jpg&quot;,&quot;obec&quot;:&quot;Slavkov u Brna&quot;,&quot;kategorie&quot;:&quot;&quot;},{&quot;id&quot;:675,&quot;title&quot;:&quot;Restaura\\u010dn\\u00ed zahr\\u00e1dka Cafe Doubek&quot;,&quot;lat&quot;:49.15137,&quot;lng&quot;:16.876840000000001,&quot;url&quot;:&quot;https:\\\/\\\/www.atraktivnislavkov.cz\\\/?misto=restauracni-zahradka-cafe-doubek&quot;,&quot;thumbnail&quot;:&quot;https:\\\/\\\/www.atraktivnislavkov.cz\\\/wp-content\\\/uploads\\\/2026\\\/01\\\/atraktivni-slavkov-IMG_2001-300x225.webp&quot;,&quot;obec&quot;:&quot;Slavkov u Brna&quot;,&quot;kategorie&quot;:&quot;&quot;},{&quot;id&quot;:594,&quot;title&quot;:&quot;Kv\\u011btinov\\u00e1 v\\u00fdzdoba a fas\\u00e1da M\\u011bstsk\\u00e9ho \\u00fa\\u0159adu&quot;,&quot;lat&quot;:49.153840000000002,&quot;lng&quot;:16.876709999999999,&quot;url&quot;:&quot;https:\\\/\\\/www.atraktivnislavkov.cz\\\/?misto=kvetinova-vyzdoba-a-fasada-mestskeho-uradu&quot;,&quot;thumbnail&quot;:&quot;https:\\\/\\\/www.atraktivnislavkov.cz\\\/wp-content\\\/uploads\\\/2026\\\/01\\\/petrcanik-IMG_1463-300x225.jpg&quot;,&quot;obec&quot;:&quot;Slavkov u Brna&quot;,&quot;kategorie&quot;:&quot;&quot;}]\" data-scroll-zoom=\"false\" data-marker-color=\"#175282\" data-zoom-desktop=\"16\" data-zoom-mobile=\"9\" data-fullscreen=\"true\" data-layer-switcher=\"false\" data-use-default-position=\"0\" data-default-lat=\"49.15\" data-default-lng=\"16.88\" data-default-zoom=\"16\" data-single-misto=\"0\"><\/div>\t\t\t\t<\/div>\n\t\t\t\t<\/div>\n\t\t\t\t<\/div>\n\t\t<div class=\"elementor-element elementor-element-7bde25ac e-flex e-con-boxed e-con e-parent\" data-id=\"7bde25ac\" data-element_type=\"container\" data-e-type=\"container\">\n\t\t\t\t\t<div class=\"e-con-inner\">\n\t\t<div class=\"elementor-element elementor-element-5ad9518d e-con-full e-flex e-con e-child\" data-id=\"5ad9518d\" data-element_type=\"container\" data-e-type=\"container\">\n\t\t\t\t<div class=\"elementor-element elementor-element-43a6f266 elementor-widget elementor-widget-heading\" data-id=\"43a6f266\" data-element_type=\"widget\" data-e-type=\"widget\" data-widget_type=\"heading.default\">\n\t\t\t\t\t<h2 class=\"elementor-heading-title elementor-size-default\">Aktuality &amp; tiskov\u00e9 zpr\u00e1vy<\/h2>\t\t\t\t<\/div>\n\t\t\t\t<\/div>\n\t\t<div class=\"elementor-element elementor-element-57b028d5 e-con-full e-flex e-con e-child\" data-id=\"57b028d5\" data-element_type=\"container\" data-e-type=\"container\">\n\t\t\t\t<div class=\"elementor-element elementor-element-53f1ad7a elementor-widget__width-initial elementor-widget elementor-widget-heading\" data-id=\"53f1ad7a\" data-element_type=\"widget\" data-e-type=\"widget\" data-widget_type=\"heading.default\">\n\t\t\t\t\t<div class=\"elementor-heading-title elementor-size-default\">Manu\u00e1l pom\u00e1h\u00e1 podnikatel\u016fm ve Slavkov\u011b u Brna zatraktivnit vn\u011bj\u0161\u00ed zna\u010den\u00ed provozoven a kultivovat reklamu<\/div>\t\t\t\t<\/div>\n\t\t\t\t<\/div>\n\t\t\t\t\t<\/div>\n\t\t\t\t<\/div>\n\t\t\t\t<\/div>\n\t\t","protected":false},"excerpt":{"rendered":"<p>Vytv\u00e1\u0159ejme atraktivn\u00ed m\u00edsto k&nbsp;\u017eivotu, podnik\u00e1n\u00ed i v\u00fdlet\u016fm Principy podporuj\u00edc\u00ed funguj\u00edc\u00ed reklamu a propagaci M\u00e9n\u011b je v\u00edce. I v reklam\u011b. \u010c\u00edm v\u00edce reklamy se na n\u00e1s val\u00ed, t\u00edm v\u00edce ji p\u0159est\u00e1v\u00e1me vn\u00edmat. Nechcete zapadnout v mo\u0159i pr\u016fm\u011bru? Soust\u0159e\u010fte se jen na to, co je pro va\u0161e z\u00e1kazn\u00edky skute\u010dn\u011b podstatn\u00e9. Bez k\u0159iklav\u00fdch barev a blik\u00e1n\u00ed\u200b\u200b Udr\u017eujte barevnou [&hellip;]<\/p>\n","protected":false},"author":1,"featured_media":0,"parent":0,"menu_order":0,"comment_status":"closed","ping_status":"closed","template":"","meta":{"_acf_changed":false,"footnotes":""},"class_list":["post-14","page","type-page","status-publish","hentry"],"acf":[],"_links":{"self":[{"href":"https:\/\/www.atraktivnislavkov.cz\/index.php?rest_route=\/wp\/v2\/pages\/14","targetHints":{"allow":["GET"]}}],"collection":[{"href":"https:\/\/www.atraktivnislavkov.cz\/index.php?rest_route=\/wp\/v2\/pages"}],"about":[{"href":"https:\/\/www.atraktivnislavkov.cz\/index.php?rest_route=\/wp\/v2\/types\/page"}],"author":[{"embeddable":true,"href":"https:\/\/www.atraktivnislavkov.cz\/index.php?rest_route=\/wp\/v2\/users\/1"}],"replies":[{"embeddable":true,"href":"https:\/\/www.atraktivnislavkov.cz\/index.php?rest_route=%2Fwp%2Fv2%2Fcomments&post=14"}],"version-history":[{"count":227,"href":"https:\/\/www.atraktivnislavkov.cz\/index.php?rest_route=\/wp\/v2\/pages\/14\/revisions"}],"predecessor-version":[{"id":728,"href":"https:\/\/www.atraktivnislavkov.cz\/index.php?rest_route=\/wp\/v2\/pages\/14\/revisions\/728"}],"wp:attachment":[{"href":"https:\/\/www.atraktivnislavkov.cz\/index.php?rest_route=%2Fwp%2Fv2%2Fmedia&parent=14"}],"curies":[{"name":"wp","href":"https:\/\/api.w.org\/{rel}","templated":true}]}}